{"id":205,"date":"2023-03-06T21:57:52","date_gmt":"2023-03-06T14:57:52","guid":{"rendered":"https:\/\/www.congngheviet.edu.vn\/?page_id=205"},"modified":"2023-03-08T13:11:51","modified_gmt":"2023-03-08T06:11:51","slug":"giai-phap-va-dich-vu","status":"publish","type":"page","link":"https:\/\/www.congngheviet.edu.vn\/en\/giai-phap-va-dich-vu\/","title":{"rendered":"GI\u1ea2I PH\u00c1P V\u00c0 D\u1ecaCH V\u1ee4"},"content":{"rendered":"<p class=\"has-header-gradient-color has-text-color\"><strong>D\u1ef0 \u00c1N<\/strong><\/p>\n\n\n\n<ul class=\"wp-block-list\">\n<li>D\u1ef1 \u00e1n x\u00e2y d\u1ef1ng ph\u00f2ng th\u00ed nghi\u1ec7m \u0111i\u1ec7n cho tr\u01b0\u1eddng cao \u0111\u1eb3ng ngh\u1ec1<\/li>\n\n\n\n<li>D\u1ef1 \u00e1n thi\u1ebft b\u1ecb th\u1ef1c h\u00e0nh t\u1ef1 \u0111\u1ed9ng h\u00f3a \u2013 \u0111i\u1ec7n c\u00f4ng nghi\u1ec7p tr\u01b0\u1eddng cao \u0111\u1eb3ng<\/li>\n\n\n\n<li>X\u00e2y d\u1ef1ng ph\u00f2ng th\u1ef1c h\u00e0nh \u0111i\u1ec7n t\u1eed vi\u1ec5n th\u00f4ng \u2013 c\u00f4ng ngh\u1ec7 th\u00f4ng tin<\/li>\n\n\n\n<li>X\u00e2y d\u1ef1ng, thi\u1ebft k\u1ebf, thi c\u00f4ng l\u1eafp \u0111\u1eb7t h\u1ec7 th\u1ed1ng kh\u00ed y t\u1ebf<\/li>\n<\/ul>\n\n\n\n<p class=\"has-header-gradient-color has-text-color\"><strong>D\u1ecaCH V\u1ee4 T\u01af V\u1ea4N V\u00c0 B\u1ea2O TR\u00cc B\u1ea2O D\u01af\u1ee0NG TRANG THI\u1ebeT B\u1eca Y T\u1ebe<\/strong><\/p>\n\n\n\n<ul class=\"wp-block-list\">\n<li>Qu\u1ea3n l\u00fd v\u1eadt t\u01b0, trang thi\u1ebft b\u1ecb y t\u1ebf mua m\u1edbi<\/li>\n\n\n\n<li>X\u00e2y d\u1ef1ng m\u00f4 h\u00ecnh\/s\u01a1 \u0111\u1ed3 v\u1ecb tr\u00ed \u0111\u1eb7t thi\u1ebft b\u1ecb y t\u1ebf B\u1ec7nh Vi\u1ec7n<\/li>\n\n\n\n<li>Qu\u1ea3n l\u00fd v\u1eadt t\u01b0, trang thi\u1ebft b\u1ecb y t\u1ebf trong qu\u00e1 tr\u00ecnh s\u1eed d\u1ee5ng<\/li>\n\n\n\n<li>Qu\u1ea3n l\u00fd quy tr\u00ecnh b\u1ea3o d\u01b0\u1ee1ng, b\u1ea3o tr\u00ec trang thi\u1ebft b\u1ecb y t\u1ebf c\u00f2n b\u1ea3o h\u00e0nh<\/li>\n\n\n\n<li>H\u1ed7 tr\u1ee3 gi\u00e1m s\u00e1t, mua s\u1eafm, l\u1eafp \u0111\u1eb7t h\u1ec7 th\u1ed1ng trang thi\u1ebft b\u1ecb y t\u1ebf B\u1ec7nh vi\u1ec7n\n<ul class=\"wp-block-list\"><\/ul>\n<\/li>\n<\/ul>\n\n\n\n<p class=\"has-header-gradient-color has-text-color\"><strong>D\u1ecaCH V\u1ee4 T\u01af V\u1ea4N V\u00c0 B\u1ea2O TR\u00cc B\u1ea2O D\u01af\u1ee0NG H\u1ea0 T\u1ea6NG  C\u00d4NG NGH\u1ec6 TH\u00d4NG TIN B\u1ec6NH VI\u1ec6N<\/strong><\/p>\n\n\n\n<ul class=\"wp-block-list\">\n<li>H\u1ec7 th\u1ed1ng m\u1ea1ng LAN\/WAN<\/li>\n\n\n\n<li>H\u1ec7 th\u1ed1ng Datacenter<\/li>\n\n\n\n<li>H\u1ec7 th\u1ed1ng Public Cloud v\u00e0 Private Cloud <\/li>\n\n\n\n<li>H\u1ec7 th\u1ed1ng Camera gi\u00e1m s\u00e1t b\u1ec7nh vi\u1ec7n<\/li>\n\n\n\n<li>H\u1ec7 th\u1ed1ng Wifi d\u00e0nh cho b\u1ec7nh vi\u1ec7n<\/li>\n\n\n\n<li>H\u1ec7 th\u1ed1ng \u0111i\u1ec7n tho\u1ea1i n\u1ed9i b\u1ed9<\/li>\n\n\n\n<li>X\u00e2y d\u1ef1ng t\u00e0i li\u1ec7u quy tr\u00ecnh v\u00e0 v\u1eadn h\u00e0nh qu\u1ea3n tr\u1ecb h\u1ec7 th\u1ed1ng, qu\u1ea3n l\u00fd h\u1ea1 t\u1ea7ng C\u00f4ng ngh\u1ec7 th\u00f4ng tin<\/li>\n\n\n\n<li>Gi\u1ea3i ph\u00e1p an to\u00e0n v\u00e0 b\u1ea3o m\u1eadt h\u1ec7 th\u1ed1ng t\u1ea1i B\u1ec7nh vi\u1ec7n<\/li>\n\n\n\n<li>Gi\u1ea3i ph\u00e1p gi\u00e1m s\u00e1t v\u1eadn h\u00e0nh h\u1ec7 th\u1ed1ng<\/li>\n\n\n\n<li>Qu\u1ea3n l\u00fd trang thi\u1ebft b\u1ecb<\/li>\n\n\n\n<li>C\u00e1c h\u1ea1ng m\u1ee5c kh\u00e1c<\/li>\n<\/ul>\n\n\n\n<p class=\"has-header-gradient-color has-text-color\"><strong>D\u1ecaCH V\u1ee4 T\u01af V\u1ea4N X\u00c2Y D\u1ef0NG H\u1ec6 TH\u1ed0NG PH\u1ea6N M\u1ec0M<\/strong><\/p>\n\n\n\n<ul class=\"wp-block-list\">\n<li>H\u1ec7 th\u1ed1ng qu\u1ea3n l\u00fd b\u1ec7nh vi\u1ec7n (HIS)<\/li>\n\n\n\n<li>H\u1ec7 th\u1ed1ng qu\u1ea3n l\u00fd x\u00e9t nghi\u1ec7m (LIS)<\/li>\n\n\n\n<li>H\u1ec7 th\u1ed1ng ch\u1ea9n \u0111o\u00e1n h\u00ecnh \u1ea3nh (RIS)<\/li>\n\n\n\n<li>H\u1ec7 th\u1ed1ng l\u01b0u tr\u1eef v\u00e0 qu\u1ea3n l\u00fd h\u00ecnh \u1ea3nh y khoa (PACS)<\/li>\n\n\n\n<li>H\u1ec7 th\u1ed1ng B\u1ec7nh \u00e1n \u0111i\u1ec7n t\u1eed (EMR, EHR, PHR)<\/li>\n\n\n\n<li>H\u1ec7 th\u1ed1ng h\u1ed9i ch\u1ea9n, th\u0103m kh\u00e1m t\u1eeb xa<\/li>\n\n\n\n<li>H\u1ec7 th\u1ed1ng qu\u1ea3n l\u00fd v\u0103n b\u1ea3n, v\u0103n ph\u00f2ng<\/li>\n\n\n\n<li>H\u1ec7 th\u1ed1ng m\u1ea1ng x\u00e3 h\u1ed9i n\u1ed9i b\u1ed9, website<\/li>\n\n\n\n<li>C\u00e1c h\u1ec7 th\u1ed1ng kh\u00e1c&#8230;<\/li>\n<\/ul>","protected":false},"excerpt":{"rendered":"<p>D\u1ef0 \u00c1N D\u1ecaCH V\u1ee4 T\u01af V\u1ea4N V\u00c0 B\u1ea2O TR\u00cc B\u1ea2O D\u01af\u1ee0NG TRANG THI\u1ebeT B\u1eca Y T\u1ebe D\u1ecaCH V\u1ee4 T\u01af V\u1ea4N V\u00c0 B\u1ea2O TR\u00cc B\u1ea2O D\u01af\u1ee0NG H\u1ea0 T\u1ea6NG C\u00d4NG NGH\u1ec6 TH\u00d4NG TIN B\u1ec6NH VI\u1ec6N D\u1ecaCH V\u1ee4 T\u01af V\u1ea4N X\u00c2Y D\u1ef0NG H\u1ec6 TH\u1ed0NG PH\u1ea6N M\u1ec0M<\/p>","protected":false},"author":1,"featured_media":0,"parent":0,"menu_order":0,"comment_status":"closed","ping_status":"closed","template":"","meta":{"footnotes":""},"class_list":["post-205","page","type-page","status-publish","hentry"],"_links":{"self":[{"href":"https:\/\/www.congngheviet.edu.vn\/en\/wp-json\/wp\/v2\/pages\/205","targetHints":{"allow":["GET"]}}],"collection":[{"href":"https:\/\/www.congngheviet.edu.vn\/en\/wp-json\/wp\/v2\/pages"}],"about":[{"href":"https:\/\/www.congngheviet.edu.vn\/en\/wp-json\/wp\/v2\/types\/page"}],"author":[{"embeddable":true,"href":"https:\/\/www.congngheviet.edu.vn\/en\/wp-json\/wp\/v2\/users\/1"}],"replies":[{"embeddable":true,"href":"https:\/\/www.congngheviet.edu.vn\/en\/wp-json\/wp\/v2\/comments?post=205"}],"version-history":[{"count":4,"href":"https:\/\/www.congngheviet.edu.vn\/en\/wp-json\/wp\/v2\/pages\/205\/revisions"}],"predecessor-version":[{"id":299,"href":"https:\/\/www.congngheviet.edu.vn\/en\/wp-json\/wp\/v2\/pages\/205\/revisions\/299"}],"wp:attachment":[{"href":"https:\/\/www.congngheviet.edu.vn\/en\/wp-json\/wp\/v2\/media?parent=205"}],"curies":[{"name":"wp","href":"https:\/\/api.w.org\/{rel}","templated":true}]}}