{"id":212,"date":"2023-03-06T22:06:11","date_gmt":"2023-03-06T15:06:11","guid":{"rendered":"https:\/\/www.congngheviet.edu.vn\/?page_id=212"},"modified":"2023-03-06T23:04:40","modified_gmt":"2023-03-06T16:04:40","slug":"gioi-thieu-chung","status":"publish","type":"page","link":"https:\/\/www.congngheviet.edu.vn\/en\/gioi-thieu-chung\/","title":{"rendered":"GI\u1edaI THI\u1ec6U CHUNG"},"content":{"rendered":"<blockquote class=\"wp-block-quote is-layout-flow wp-block-quote-is-layout-flow\">\n<p class=\"has-accent-color has-text-color\"><strong><a href=\"https:\/\/www.congngheviet.edu.vn\/en\/gioi-thieu-chung\/\" data-type=\"URL\" data-id=\"https:\/\/www.congngheviet.edu.vn\/gioi-thieu-chung\/\">\u0110\u1ed1i v\u1edbi C\u00f4ng ngh\u1ec7 Vi\u1ec7t, quan tr\u1ecdng l\u00e0 <mark style=\"background-color:rgba(0, 0, 0, 0)\" class=\"has-inline-color has-accent-color\">PH\u00c1T TRI\u1ec2N B\u1ec0N V\u1eeeNG.<\/mark><\/a><\/strong><\/p>\n<\/blockquote>\n\n\n\n<p><strong>C\u00f4ng ty TNHH C\u00f4ng ngh\u1ec7 \u1ee9ng d\u1ee5ng &amp; gi\u1ea3i ph\u00e1p Vi\u1ec7t Nam<\/strong>, ti\u1ec1n th\u00e2n nh\u00f3m <strong>\u0110i\u1ec7n t\u1eed Y sinh Vi\u1ec7t Nam<\/strong> <strong>(VBEG- Vietnam Biomedical Electronics Groups)<\/strong>, \u0111\u01b0\u1ee3c th\u00e0nh l\u1eadp v\u1edbi m\u1ee5c ti\u00eau tr\u1edf th\u00e0nh m\u1ed9t c\u00f4ng ty h\u00e0ng \u0111\u1ea7u Vi\u1ec7t nam trong l\u0129nh v\u1ef1c nghi\u00ean c\u1ee9u, thi\u1ebft k\u1ebf, ch\u1ebf t\u1ea1o v\u00e0 s\u1ea3n xu\u1ea5t c\u00e1c s\u1ea3n ph\u1ea9m \u0111i\u1ec7n t\u1eed c\u00f4ng ngh\u1ec7 cao, ph\u00e2n ph\u1ed1i c\u00e1c s\u1ea3n ph\u1ea9m \u0111i\u1ec7n t\u1eed ph\u1ee5c v\u1ee5 c\u00e1c l\u0129nh v\u1ef1c c\u1ee7a cu\u1ed9c s\u1ed1ng m\u00e0 tr\u1ecdng t\u00e2m l\u00e0 trang thi\u1ebft b\u1ecb y t\u1ebf v\u00e0 c\u00e1c thi\u1ebft b\u1ecb \u0111i\u1ec7n t\u1eed ti\u1ebft ki\u1ec7m n\u0103ng l\u01b0\u1ee3ng, ch\u1ea5t l\u01b0\u1ee3ng cao v\u1edbi m\u1ed9t m\u1ee5c \u0111\u00edch cu\u1ed1i c\u00f9ng \u0111\u00f3 l\u00e0 <strong>\u201cV\u00cc S\u1ef0 PH\u00c1T TRI\u1ec2N B\u1ec0N V\u1eeeNG\u201d.<\/strong><\/p>\n\n\n\n<ul class=\"wp-block-list\"><\/ul>\n\n\n\n<p>V\u1edbi trang thi\u1ebft b\u1ecb hi\u1ec7n \u0111\u1ea1i c\u00f9ng v\u1edbi \u0111\u1ed9i ng\u0169 k\u1ef9 thu\u1eadt tay ngh\u1ec1 cao, c\u00f4ng ty mang \u0111\u1ebfn nh\u1eefng s\u1ea3n ph\u1ea9m c\u00f3 ch\u1ea5t l\u01b0\u1ee3ng cao, ti\u1ebfn \u0111\u1ed9 giao h\u00e0ng \u0111\u1ea3m b\u1ea3o, gi\u00e1 th\u00e0nh h\u1ee3p l\u00fd nh\u1eb1m \u0111\u00e1p \u1ee9ng y\u00eau c\u1ea7u v\u00e0 nhu c\u1ea7u kh\u00e1c nhau c\u1ee7a kh\u00e1ch h\u00e0ng.<\/p>\n\n\n\n<p class=\"has-accent-color has-text-color\"><strong><a href=\"https:\/\/www.congngheviet.edu.vn\/en\/the-manh-cong-ty\/\" data-type=\"URL\" data-id=\"https:\/\/www.congngheviet.edu.vn\/the-manh-cong-ty\/\">TH\u1ebe M\u1ea0NH C\u1ee6A CH\u00daNG T\u00d4I<\/a><\/strong><\/p>\n\n\n\n<p>C\u00f4ng ty c\u00f3 m\u1ed9t l\u1ef1c l\u01b0\u1ee3ng h\u00f9ng h\u1eadu c\u00e1c nh\u00e0 nghi\u00ean c\u1ee9u tr\u00ecnh \u0111\u1ed9 cao c\u00f9ng m\u1ed9t s\u1ed1 l\u01b0\u1ee3ng c\u00e1c th\u00e0nh vi\u00ean kh\u00e1c \u0111ang \u0111\u01b0\u1ee3c c\u1eed \u0111i h\u1ecdc t\u1eadp v\u00e0 nghi\u00ean c\u1ee9u t\u1ea1i n\u01b0\u1edbc ngo\u00e0i nh\u01b0 M\u1ef9, \u0110\u1ee9c, H\u00e0n qu\u1ed1c\u2026 Cho \u0111\u1ebfn nay. v\u1eabn kh\u00f4ng ng\u1eebng ti\u1ebfp t\u1ee5c nghi\u00ean c\u1ee9u v\u00e0 ph\u00e1t tri\u1ec3n c\u00e1c d\u00f2ng s\u1ea3n ph\u1ea9m m\u1edbi c\u00f3 ch\u1ea5t l\u01b0\u1ee3ng cao ph\u1ee5c v\u1ee5 cu\u1ed9c s\u1ed1ng v\u00e0 n\u00e2ng cao gi\u00e1 tr\u1ecb cu\u1ed9c s\u1ed1ng c\u1ee7a ng\u01b0\u1eddi s\u1eed d\u1ee5ng.<\/p>\n\n\n\n<p>V\u1edbi ti\u00eau ch\u00ed, \u0111\u1eb7t ng\u01b0\u1eddi s\u1eed d\u1ee5ng l\u00e0 trung t\u00e2m c\u1ed1t l\u00f5i cho vi\u1ec7c l\u1ef1a ch\u1ecdn \u00fd t\u01b0\u1edfng \u0111\u1ea7u t\u01b0, th\u1ef1c hi\u1ec7n n\u00ean c\u00e1c s\u1ea3n ph\u1ea9m c\u1ee7a c\u00f4ng ty cho \u0111\u1ebfn nay \u0111\u1ec1u \u0111\u00e1p \u1ee9ng \u0111\u01b0\u1ee3c m\u1ecdi y\u00eau c\u1ea7u v\u1ec1 ch\u1ea5t l\u01b0\u1ee3ng, th\u1ea9m m\u1ef9, t\u00ednh n\u0103ng \u1ee9ng d\u1ee5ng v\u00e0 t\u00ednh kinh t\u1ebf \u0111\u1ed1i v\u1edbi m\u1ecdi \u0111\u1ed1i t\u01b0\u1ee3ng kh\u00e1ch h\u00e0ng \u0111\u01b0\u1ee3c ph\u1ee5c v\u1ee5.<\/p>\n\n\n\n<p class=\"has-accent-color has-text-color\"><strong><a href=\"https:\/\/www.congngheviet.edu.vn\/en\/linh-vuc-hoat-dong\/\" data-type=\"URL\" data-id=\"https:\/\/www.congngheviet.edu.vn\/linh-vuc-hoat-dong\/\" target=\"_blank\" rel=\"noreferrer noopener\">L\u0128NH V\u1ef0C HO\u1ea0T \u0110\u1ed8NG<\/a><\/strong><\/p>\n\n\n\n<p>V\u1edbi l\u1ee3i th\u1ebf l\u00e0 \u0111\u1ed9i ng\u0169 nh\u00e2n l\u1ef1c h\u00f9ng h\u1eadu v\u00e0 ch\u1ea5t l\u01b0\u1ee3ng chuy\u00ean m\u00f4n cao trong l\u0129nh v\u1ef1c k\u1ef9 thu\u1eadt K\u1ef9 thu\u1eadt \u0110i\u1ec7n t\u1eed Y sinh v\u00e0 ng\u00e0nh C\u00f4ng ngh\u1ec7 th\u00f4ng tin &#8211; Truy\u1ec1n th\u00f4ng ch\u00fang t\u00f4i ch\u00fa tr\u1ecdng ho\u1ea1t \u0111\u1ed9ng trong 3 l\u0129nh v\u1ef1c ch\u00ednh sau:<\/p>\n\n\n\n<div class=\"wp-block-columns is-layout-flex wp-container-core-columns-is-layout-9d6595d7 wp-block-columns-is-layout-flex\">\n<div class=\"wp-block-column is-layout-flow wp-block-column-is-layout-flow\">\n<div class=\"wp-block-cover\" style=\"min-height:154px;aspect-ratio:unset;\"><span aria-hidden=\"true\" class=\"wp-block-cover__background has-background-dim\"><\/span><img fetchpriority=\"high\" decoding=\"async\" width=\"371\" height=\"271\" class=\"wp-block-cover__image-background wp-image-179\" alt=\"\" src=\"https:\/\/www.congngheviet.edu.vn\/wp-content\/uploads\/2023\/03\/tu-van-1.webp\" data-object-fit=\"cover\" srcset=\"https:\/\/www.congngheviet.edu.vn\/wp-content\/uploads\/2023\/03\/tu-van-1.webp 371w, https:\/\/www.congngheviet.edu.vn\/wp-content\/uploads\/2023\/03\/tu-van-1-300x219.webp 300w\" sizes=\"(max-width: 371px) 100vw, 371px\" \/><div class=\"wp-block-cover__inner-container is-layout-flow wp-block-cover-is-layout-flow\">\n<p class=\"has-text-align-center has-accent-color has-text-color has-large-font-size\">CUNG C\u1ea4P THI\u1ebeT B\u1eca<\/p>\n<\/div><\/div>\n<\/div>\n\n\n\n<div class=\"wp-block-column is-layout-flow wp-block-column-is-layout-flow\">\n<p>S\u1ea3n xu\u1ea5t c\u00e1c thi\u1ebft b\u1ecb ch\u1ea5t l\u01b0\u1ee3ng cao, gi\u00e1 th\u00e0nh h\u1ee3p l\u00fd v\u1edbi tr\u00ed tu\u1ec7 Vi\u1ec7t \u0111\u1ed3ng th\u1eddi ph\u00e2n ph\u1ed1i nhi\u1ec1u s\u1ea3n ph\u1ea9m c\u00f4ng ngh\u1ec7 \u1ee9ng d\u1ee5ng ch\u00ednh h\u00e3ng ph\u1ee5c v\u1ee5 nhi\u1ec1u nh\u01b0 c\u1ea7u c\u1ee7a doanh nghi\u1ec7p \u0111\u1eb7c bi\u1ec7t trong l\u0129nh v\u1ef1c y t\u1ebf.<\/p>\n<\/div>\n<\/div>\n\n\n\n<div class=\"wp-block-columns is-layout-flex wp-container-core-columns-is-layout-9d6595d7 wp-block-columns-is-layout-flex\">\n<div class=\"wp-block-column is-layout-flow wp-block-column-is-layout-flow\">\n<div class=\"wp-block-cover alignleft is-light\" style=\"min-height:140px;aspect-ratio:unset;\"><span aria-hidden=\"true\" class=\"wp-block-cover__background has-background-dim\"><\/span><img decoding=\"async\" width=\"666\" height=\"352\" class=\"wp-block-cover__image-background wp-image-174\" alt=\"\" src=\"https:\/\/www.congngheviet.edu.vn\/wp-content\/uploads\/2023\/03\/bao-tri-bao-duong-ups.jpg\" data-object-fit=\"cover\" srcset=\"https:\/\/www.congngheviet.edu.vn\/wp-content\/uploads\/2023\/03\/bao-tri-bao-duong-ups.jpg 666w, https:\/\/www.congngheviet.edu.vn\/wp-content\/uploads\/2023\/03\/bao-tri-bao-duong-ups-300x159.jpg 300w\" sizes=\"(max-width: 666px) 100vw, 666px\" \/><div class=\"wp-block-cover__inner-container is-layout-flow wp-block-cover-is-layout-flow\">\n<p class=\"has-text-align-center has-accent-color has-text-color has-large-font-size\">B\u1ea2O TR\u00cc B\u1ea2O D\u01af\u1ee0NG<\/p>\n<\/div><\/div>\n<\/div>\n\n\n\n<div class=\"wp-block-column is-layout-flow wp-block-column-is-layout-flow\">\n<p class=\"has-text-align-left\">V\u1edbi kinh nghi\u1ec7m tri\u1ec3n khai v\u00e0 v\u1eadn h\u00e0nh c\u00e1c thi\u1ebft b\u1ecb v\u00e0 h\u1ec7 th\u1ed1ng trong th\u1ef1c t\u1ebf v\u00e0 ngu\u1ed3n nh\u00e2n l\u1ef1c c\u00f3 ki\u1ebfn th\u1ee9c v\u00e0 k\u1ef9 n\u0103ng cao ch\u00fang t\u00f4i cung c\u1ea5p c\u00e1c d\u1ecbch v\u1ee5 b\u1ea3o tr\u00ec s\u1eeda ch\u1eefa v\u00e0 v\u1eadn h\u00e0nh h\u1ec7 th\u1ed1ng cho c\u00e1c doanh nghi\u1ec7p<\/p>\n<\/div>\n<\/div>\n\n\n\n<div class=\"wp-block-columns is-layout-flex wp-container-core-columns-is-layout-9d6595d7 wp-block-columns-is-layout-flex\">\n<div class=\"wp-block-column is-layout-flow wp-block-column-is-layout-flow\">\n<div class=\"wp-block-cover is-light\" style=\"min-height:191px;aspect-ratio:unset;\"><span aria-hidden=\"true\" class=\"wp-block-cover__background has-background-dim\"><\/span><img decoding=\"async\" width=\"700\" height=\"394\" class=\"wp-block-cover__image-background wp-image-187\" alt=\"\" src=\"http:\/\/www.congngheviet.edu.vn\/wp-content\/uploads\/2023\/03\/he-dao-tao-va-loai-hinh-dao-tao.jpg\" data-object-fit=\"cover\" srcset=\"https:\/\/www.congngheviet.edu.vn\/wp-content\/uploads\/2023\/03\/he-dao-tao-va-loai-hinh-dao-tao.jpg 700w, https:\/\/www.congngheviet.edu.vn\/wp-content\/uploads\/2023\/03\/he-dao-tao-va-loai-hinh-dao-tao-300x169.jpg 300w\" sizes=\"(max-width: 700px) 100vw, 700px\" \/><div class=\"wp-block-cover__inner-container is-layout-flow wp-block-cover-is-layout-flow\">\n<p class=\"has-text-align-center has-accent-color has-text-color has-large-font-size\">\u0110\u00c0O T\u1ea0O NGH\u1ec0<\/p>\n<\/div><\/div>\n<\/div>\n\n\n\n<div class=\"wp-block-column is-layout-flow wp-block-column-is-layout-flow\">\n<p>Trung t\u00e2m \u0111\u00e0o t\u1ea1o c\u00f9ng v\u1edbi c\u00e1c gi\u1ea3ng vi\u00ean t\u1eadn t\u00e2m v\u00e0 s\u1ebd cung c\u1ea5p cho c\u00e1c h\u1ecdc vi\u00ean c\u00e1c ki\u1ebfn th\u1ee9c v\u00e0 k\u1ef9 n\u0103ng th\u1ef1c t\u1ebf trong l\u0129nh v\u1ef1c \u0111i\u1ec7n, \u0111i\u1ec7n t\u1eed, h\u1ec7 th\u1ed1ng m\u1ea1ng, CNTT, h\u1ecdc vi\u00ean s\u1ebd \u0111\u01b0\u1ee3c ti\u1ebfp x\u00fac v\u00e0 th\u1ef1c h\u00e0nh tr\u1ef1c ti\u00eap v\u1edbi c\u00e1c trang thi\u1ebft b\u1ecb, h\u1ec7 th\u1ed1ng c\u1ee7a doanh nghi\u1ec7p v\u00e0 tri\u1ec3n khai tr\u1ef1c ti\u1ebfp c\u00e1c d\u1ef1 \u00e1n.<\/p>\n<\/div>\n<\/div>\n\n\n\n<p class=\"has-accent-color has-text-color\"><strong>\u0110\u1ed8I NG\u0168 NH\u00c2N S\u1ef0<\/strong><\/p>\n\n\n\n<div class=\"wp-block-columns is-layout-flex wp-container-core-columns-is-layout-9d6595d7 wp-block-columns-is-layout-flex\">\n<div class=\"wp-block-column is-layout-flow wp-block-column-is-layout-flow\"><\/div>\n<\/div>\n\n\n\n<p class=\"has-accent-color has-text-color\"><strong><a href=\"https:\/\/www.congngheviet.edu.vn\/en\/contact\/\" data-type=\"URL\" data-id=\"https:\/\/www.congngheviet.edu.vn\/contact\/\" target=\"_blank\" rel=\"noreferrer noopener\">TH\u00d4NG TIN LI\u00caN H\u1ec6<\/a><\/strong><\/p>\n\n\n\n<div class=\"wp-block-columns is-layout-flex wp-container-core-columns-is-layout-9d6595d7 wp-block-columns-is-layout-flex\">\n<div class=\"wp-block-column is-layout-flow wp-block-column-is-layout-flow\">\n<p><img decoding=\"async\" class=\"wp-image-86\" style=\"width: 25px;\" src=\"http:\/\/www.congngheviet.edu.vn\/wp-content\/themes\/hestia\/assets\/img\/contact1.png\" alt=\"Map icon\"> <strong>Tr\u1ee5 s\u1edf ch\u00ednh: <\/strong>T\u1ed5 57B Ph\u01b0\u1eddng D\u1ecbch V\u1ecdng, Qu\u1eadn C\u1ea7u Gi\u1ea5y, Th\u00e0nh Ph\u1ed1 H\u00e0 N\u1ed9i<\/p>\n\n\n\n<p><img decoding=\"async\" class=\"wp-image-86\" style=\"width: 25px;\" src=\"http:\/\/www.congngheviet.edu.vn\/wp-content\/themes\/hestia\/assets\/img\/contact1.png\" alt=\"Map icon\"> <strong>Chi nh\u00e1nh Th\u00e1i B\u00ecnh:<\/strong> \u0110\u00f4ng D\u01b0\u01a1ng, \u0110\u00f4ng H\u01b0ng, Th\u00e1i B\u00ecnh<\/p>\n\n\n\n<p><img decoding=\"async\" class=\"wp-image-98\" style=\"width: 25px;\" src=\"http:\/\/www.congngheviet.edu.vn\/wp-content\/themes\/hestia\/assets\/img\/contact2.png\" alt=\"\"> <strong>\u0110i\u1ec7n tho\u1ea1i li\u00ean h\u1ec7:<\/strong> +84 9 86 269 935<\/p>\n\n\n\n<p><img decoding=\"async\" class=\"wp-image-105\" style=\"width: 25px;\" src=\"http:\/\/www.congngheviet.edu.vn\/wp-content\/themes\/hestia\/assets\/img\/contact3.png\" alt=\"\"> <strong>Th\u01b0 \u0111i\u1ec7n t\u1eed<\/strong>: <a href=\"\/en\/contact@congngheviet.edu.vn\/\" data-type=\"URL\" data-id=\"contact@congngheviet.edu.vn\"><em>contact@congngheviet.edu.vn<\/em><\/a><\/p>\n<\/div>\n<\/div>","protected":false},"excerpt":{"rendered":"<p>\u0110\u1ed1i v\u1edbi C\u00f4ng ngh\u1ec7 Vi\u1ec7t, quan tr\u1ecdng l\u00e0 PH\u00c1T TRI\u1ec2N B\u1ec0N V\u1eeeNG. C\u00f4ng ty TNHH C\u00f4ng ngh\u1ec7 \u1ee9ng d\u1ee5ng &amp; gi\u1ea3i ph\u00e1p Vi\u1ec7t Nam, ti\u1ec1n th\u00e2n nh\u00f3m \u0110i\u1ec7n t\u1eed Y sinh Vi\u1ec7t Nam (VBEG- Vietnam Biomedical Electronics Groups), \u0111\u01b0\u1ee3c th\u00e0nh l\u1eadp v\u1edbi m\u1ee5c ti\u00eau tr\u1edf th\u00e0nh m\u1ed9t c\u00f4ng ty h\u00e0ng [&hellip;]<\/p>\n","protected":false},"author":1,"featured_media":0,"parent":0,"menu_order":0,"comment_status":"closed","ping_status":"closed","template":"","meta":{"footnotes":""},"class_list":["post-212","page","type-page","status-publish","hentry"],"_links":{"self":[{"href":"https:\/\/www.congngheviet.edu.vn\/en\/wp-json\/wp\/v2\/pages\/212","targetHints":{"allow":["GET"]}}],"collection":[{"href":"https:\/\/www.congngheviet.edu.vn\/en\/wp-json\/wp\/v2\/pages"}],"about":[{"href":"https:\/\/www.congngheviet.edu.vn\/en\/wp-json\/wp\/v2\/types\/page"}],"author":[{"embeddable":true,"href":"https:\/\/www.congngheviet.edu.vn\/en\/wp-json\/wp\/v2\/users\/1"}],"replies":[{"embeddable":true,"href":"https:\/\/www.congngheviet.edu.vn\/en\/wp-json\/wp\/v2\/comments?post=212"}],"version-history":[{"count":3,"href":"https:\/\/www.congngheviet.edu.vn\/en\/wp-json\/wp\/v2\/pages\/212\/revisions"}],"predecessor-version":[{"id":272,"href":"https:\/\/www.congngheviet.edu.vn\/en\/wp-json\/wp\/v2\/pages\/212\/revisions\/272"}],"wp:attachment":[{"href":"https:\/\/www.congngheviet.edu.vn\/en\/wp-json\/wp\/v2\/media?parent=212"}],"curies":[{"name":"wp","href":"https:\/\/api.w.org\/{rel}","templated":true}]}}