{"id":213,"date":"2023-03-06T22:06:11","date_gmt":"2023-03-06T15:06:11","guid":{"rendered":"https:\/\/www.congngheviet.edu.vn\/?page_id=213"},"modified":"2023-03-06T22:21:28","modified_gmt":"2023-03-06T15:21:28","slug":"the-manh-cong-ty","status":"publish","type":"page","link":"https:\/\/www.congngheviet.edu.vn\/en\/the-manh-cong-ty\/","title":{"rendered":"TH\u1ebe M\u1ea0NH C\u00d4NG TY"},"content":{"rendered":"<p>C\u00f4ng ty c\u00f3 m\u1ed9t l\u1ef1c l\u01b0\u1ee3ng h\u00f9ng h\u1eadu c\u00e1c nh\u00e0 nghi\u00ean c\u1ee9u tr\u00ecnh \u0111\u1ed9 cao c\u00f9ng m\u1ed9t s\u1ed1 l\u01b0\u1ee3ng c\u00e1c th\u00e0nh vi\u00ean kh\u00e1c \u0111ang \u0111\u01b0\u1ee3c c\u1eed \u0111i h\u1ecdc t\u1eadp v\u00e0 nghi\u00ean c\u1ee9u t\u1ea1i n\u01b0\u1edbc ngo\u00e0i nh\u01b0 M\u1ef9, \u0110\u1ee9c, H\u00e0n qu\u1ed1c\u2026 Cho \u0111\u1ebfn nay. v\u1eabn kh\u00f4ng ng\u1eebng ti\u1ebfp t\u1ee5c nghi\u00ean c\u1ee9u v\u00e0 ph\u00e1t tri\u1ec3n c\u00e1c d\u00f2ng s\u1ea3n ph\u1ea9m m\u1edbi c\u00f3 ch\u1ea5t l\u01b0\u1ee3ng cao ph\u1ee5c v\u1ee5 cu\u1ed9c s\u1ed1ng v\u00e0 n\u00e2ng cao gi\u00e1 tr\u1ecb cu\u1ed9c s\u1ed1ng c\u1ee7a ng\u01b0\u1eddi s\u1eed d\u1ee5ng.<\/p>\n\n\n\n<p>V\u1edbi ti\u00eau ch\u00ed, \u0111\u1eb7t ng\u01b0\u1eddi s\u1eed d\u1ee5ng l\u00e0 trung t\u00e2m c\u1ed1t l\u00f5i cho vi\u1ec7c l\u1ef1a ch\u1ecdn \u00fd t\u01b0\u1edfng \u0111\u1ea7u t\u01b0, th\u1ef1c hi\u1ec7n n\u00ean c\u00e1c s\u1ea3n ph\u1ea9m c\u1ee7a c\u00f4ng ty cho \u0111\u1ebfn nay \u0111\u1ec1u \u0111\u00e1p \u1ee9ng \u0111\u01b0\u1ee3c m\u1ecdi y\u00eau c\u1ea7u v\u1ec1 ch\u1ea5t l\u01b0\u1ee3ng, th\u1ea9m m\u1ef9, t\u00ednh n\u0103ng \u1ee9ng d\u1ee5ng v\u00e0 t\u00ednh kinh t\u1ebf \u0111\u1ed1i v\u1edbi m\u1ecdi \u0111\u1ed1i t\u01b0\u1ee3ng kh\u00e1ch h\u00e0ng \u0111\u01b0\u1ee3c ph\u1ee5c v\u1ee5.<\/p>","protected":false},"excerpt":{"rendered":"<p>C\u00f4ng ty c\u00f3 m\u1ed9t l\u1ef1c l\u01b0\u1ee3ng h\u00f9ng h\u1eadu c\u00e1c nh\u00e0 nghi\u00ean c\u1ee9u tr\u00ecnh \u0111\u1ed9 cao c\u00f9ng m\u1ed9t s\u1ed1 l\u01b0\u1ee3ng c\u00e1c th\u00e0nh vi\u00ean kh\u00e1c \u0111ang \u0111\u01b0\u1ee3c c\u1eed \u0111i h\u1ecdc t\u1eadp v\u00e0 nghi\u00ean c\u1ee9u t\u1ea1i n\u01b0\u1edbc ngo\u00e0i nh\u01b0 M\u1ef9, \u0110\u1ee9c, H\u00e0n qu\u1ed1c\u2026 Cho \u0111\u1ebfn nay. v\u1eabn kh\u00f4ng ng\u1eebng ti\u1ebfp t\u1ee5c nghi\u00ean c\u1ee9u [&hellip;]<\/p>\n","protected":false},"author":1,"featured_media":0,"parent":0,"menu_order":0,"comment_status":"closed","ping_status":"closed","template":"","meta":{"footnotes":""},"class_list":["post-213","page","type-page","status-publish","hentry"],"_links":{"self":[{"href":"https:\/\/www.congngheviet.edu.vn\/en\/wp-json\/wp\/v2\/pages\/213","targetHints":{"allow":["GET"]}}],"collection":[{"href":"https:\/\/www.congngheviet.edu.vn\/en\/wp-json\/wp\/v2\/pages"}],"about":[{"href":"https:\/\/www.congngheviet.edu.vn\/en\/wp-json\/wp\/v2\/types\/page"}],"author":[{"embeddable":true,"href":"https:\/\/www.congngheviet.edu.vn\/en\/wp-json\/wp\/v2\/users\/1"}],"replies":[{"embeddable":true,"href":"https:\/\/www.congngheviet.edu.vn\/en\/wp-json\/wp\/v2\/comments?post=213"}],"version-history":[{"count":2,"href":"https:\/\/www.congngheviet.edu.vn\/en\/wp-json\/wp\/v2\/pages\/213\/revisions"}],"predecessor-version":[{"id":231,"href":"https:\/\/www.congngheviet.edu.vn\/en\/wp-json\/wp\/v2\/pages\/213\/revisions\/231"}],"wp:attachment":[{"href":"https:\/\/www.congngheviet.edu.vn\/en\/wp-json\/wp\/v2\/media?parent=213"}],"curies":[{"name":"wp","href":"https:\/\/api.w.org\/{rel}","templated":true}]}}