{"id":215,"date":"2023-03-06T22:06:11","date_gmt":"2023-03-06T15:06:11","guid":{"rendered":"https:\/\/www.congngheviet.edu.vn\/?page_id=215"},"modified":"2023-03-08T09:49:01","modified_gmt":"2023-03-08T02:49:01","slug":"linh-vuc-hoat-dong","status":"publish","type":"page","link":"https:\/\/www.congngheviet.edu.vn\/en\/linh-vuc-hoat-dong\/","title":{"rendered":"L\u0128NH V\u1ef0C HO\u1ea0T \u0110\u1ed8NG"},"content":{"rendered":"<p>V\u1edbi l\u1ee3i th\u1ebf l\u00e0 \u0111\u1ed9i ng\u0169 nh\u00e2n l\u1ef1c h\u00f9ng h\u1eadu v\u00e0 ch\u1ea5t l\u01b0\u1ee3ng chuy\u00ean m\u00f4n cao trong l\u0129nh v\u1ef1c k\u1ef9 thu\u1eadt trong ng\u00e0nh K\u1ef9 thu\u1eadt \u0110i\u1ec7n t\u1eed Y sinh v\u00e0  C\u00f4ng ngh\u1ec7 th\u00f4ng tin &#8211; Truy\u1ec1n th\u00f4ng ch\u00fang t\u00f4i ch\u00fa tr\u1ecdng ho\u1ea1t \u0111\u1ed9ng trong 3 l\u0129nh v\u1ef1c ch\u00ednh sau:<\/p>\n\n\n\n<div class=\"wp-block-columns is-layout-flex wp-container-core-columns-is-layout-9d6595d7 wp-block-columns-is-layout-flex\">\n<div class=\"wp-block-column is-layout-flow wp-block-column-is-layout-flow\">\n<div class=\"wp-block-cover\" style=\"min-height:154px;aspect-ratio:unset;\"><span aria-hidden=\"true\" class=\"wp-block-cover__background has-background-dim\"><\/span><img fetchpriority=\"high\" decoding=\"async\" width=\"371\" height=\"271\" class=\"wp-block-cover__image-background wp-image-179\" alt=\"\" src=\"https:\/\/www.congngheviet.edu.vn\/wp-content\/uploads\/2023\/03\/tu-van-1.webp\" data-object-fit=\"cover\" srcset=\"https:\/\/www.congngheviet.edu.vn\/wp-content\/uploads\/2023\/03\/tu-van-1.webp 371w, https:\/\/www.congngheviet.edu.vn\/wp-content\/uploads\/2023\/03\/tu-van-1-300x219.webp 300w\" sizes=\"(max-width: 371px) 100vw, 371px\" \/><div class=\"wp-block-cover__inner-container is-layout-flow wp-block-cover-is-layout-flow\">\n<p class=\"has-text-align-center has-header-gradient-color has-text-color has-large-font-size\">CUNG C\u1ea4P THI\u1ebeT B\u1eca<\/p>\n<\/div><\/div>\n<\/div>\n\n\n\n<div class=\"wp-block-column is-layout-flow wp-block-column-is-layout-flow\">\n<p>S\u1ea3n xu\u1ea5t c\u00e1c thi\u1ebft b\u1ecb ch\u1ea5t l\u01b0\u1ee3ng cao, gi\u00e1 th\u00e0nh h\u1ee3p l\u00fd v\u1edbi tr\u00ed tu\u1ec7 Vi\u1ec7t \u0111\u1ed3ng th\u1eddi ph\u00e2n ph\u1ed1i nhi\u1ec1u s\u1ea3n ph\u1ea9m c\u00f4ng ngh\u1ec7 \u1ee9ng d\u1ee5ng ch\u00ednh h\u00e3ng ph\u1ee5c v\u1ee5 nhi\u1ec1u nh\u01b0 c\u1ea7u c\u1ee7a doanh nghi\u1ec7p \u0111\u1eb7c bi\u1ec7t trong l\u0129nh v\u1ef1c y t\u1ebf.<\/p>\n<\/div>\n<\/div>\n\n\n\n<div class=\"wp-block-columns is-layout-flex wp-container-core-columns-is-layout-9d6595d7 wp-block-columns-is-layout-flex\">\n<div class=\"wp-block-column is-layout-flow wp-block-column-is-layout-flow\">\n<div class=\"wp-block-cover alignleft is-light\" style=\"min-height:140px;aspect-ratio:unset;\"><span aria-hidden=\"true\" class=\"wp-block-cover__background has-background-dim\"><\/span><img decoding=\"async\" width=\"666\" height=\"352\" class=\"wp-block-cover__image-background wp-image-174\" alt=\"\" src=\"https:\/\/www.congngheviet.edu.vn\/wp-content\/uploads\/2023\/03\/bao-tri-bao-duong-ups.jpg\" data-object-fit=\"cover\" srcset=\"https:\/\/www.congngheviet.edu.vn\/wp-content\/uploads\/2023\/03\/bao-tri-bao-duong-ups.jpg 666w, https:\/\/www.congngheviet.edu.vn\/wp-content\/uploads\/2023\/03\/bao-tri-bao-duong-ups-300x159.jpg 300w\" sizes=\"(max-width: 666px) 100vw, 666px\" \/><div class=\"wp-block-cover__inner-container is-layout-flow wp-block-cover-is-layout-flow\">\n<p class=\"has-text-align-center has-header-gradient-color has-text-color has-large-font-size\">B\u1ea2O  TR\u00cc B\u1ea2O D\u01af\u1ee0NG<\/p>\n<\/div><\/div>\n<\/div>\n\n\n\n<div class=\"wp-block-column is-layout-flow wp-block-column-is-layout-flow\">\n<p class=\"has-text-align-left\">V\u1edbi kinh nghi\u1ec7m tri\u1ec3n khai v\u00e0 v\u1eadn h\u00e0nh c\u00e1c thi\u1ebft b\u1ecb v\u00e0 h\u1ec7 th\u1ed1ng trong th\u1ef1c t\u1ebf v\u00e0 ngu\u1ed3n nh\u00e2n l\u1ef1c c\u00f3 ki\u1ebfn th\u1ee9c v\u00e0 k\u1ef9 n\u0103ng cao ch\u00fang t\u00f4i cung c\u1ea5p c\u00e1c d\u1ecbch v\u1ee5 b\u1ea3o tr\u00ec s\u1eeda ch\u1eefa v\u00e0 v\u1eadn h\u00e0nh h\u1ec7 th\u1ed1ng cho c\u00e1c doanh nghi\u1ec7p<\/p>\n<\/div>\n<\/div>\n\n\n\n<div class=\"wp-block-columns is-layout-flex wp-container-core-columns-is-layout-9d6595d7 wp-block-columns-is-layout-flex\">\n<div class=\"wp-block-column is-layout-flow wp-block-column-is-layout-flow\">\n<div class=\"wp-block-cover is-light\" style=\"min-height:191px;aspect-ratio:unset;\"><span aria-hidden=\"true\" class=\"wp-block-cover__background has-background-dim\"><\/span><img decoding=\"async\" width=\"700\" height=\"394\" class=\"wp-block-cover__image-background wp-image-187\" alt=\"\" src=\"http:\/\/www.congngheviet.edu.vn\/wp-content\/uploads\/2023\/03\/he-dao-tao-va-loai-hinh-dao-tao.jpg\" data-object-fit=\"cover\" srcset=\"https:\/\/www.congngheviet.edu.vn\/wp-content\/uploads\/2023\/03\/he-dao-tao-va-loai-hinh-dao-tao.jpg 700w, https:\/\/www.congngheviet.edu.vn\/wp-content\/uploads\/2023\/03\/he-dao-tao-va-loai-hinh-dao-tao-300x169.jpg 300w\" sizes=\"(max-width: 700px) 100vw, 700px\" \/><div class=\"wp-block-cover__inner-container is-layout-flow wp-block-cover-is-layout-flow\">\n<p class=\"has-text-align-center has-header-gradient-color has-text-color has-large-font-size\">\u0110\u00c0O T\u1ea0O NGH\u1ec0<\/p>\n<\/div><\/div>\n<\/div>\n\n\n\n<div class=\"wp-block-column is-layout-flow wp-block-column-is-layout-flow\">\n<p>Trung t\u00e2m \u0111\u00e0o t\u1ea1o c\u00f9ng v\u1edbi c\u00e1c gi\u1ea3ng vi\u00ean t\u1eadn t\u00e2m v\u00e0 s\u1ebd cung c\u1ea5p cho c\u00e1c h\u1ecdc vi\u00ean c\u00e1c ki\u1ebfn th\u1ee9c v\u00e0 k\u1ef9 n\u0103ng th\u1ef1c t\u1ebf trong l\u0129nh v\u1ef1c \u0111i\u1ec7n, \u0111i\u1ec7n t\u1eed, h\u1ec7 th\u1ed1ng m\u1ea1ng, CNTT, h\u1ecdc vi\u00ean s\u1ebd \u0111\u01b0\u1ee3c ti\u1ebfp x\u00fac v\u00e0 th\u1ef1c h\u00e0nh tr\u1ef1c ti\u00eap v\u1edbi c\u00e1c trang thi\u1ebft b\u1ecb, h\u1ec7 th\u1ed1ng c\u1ee7a doanh nghi\u1ec7p v\u00e0 tri\u1ec3n khai tr\u1ef1c ti\u1ebfp c\u00e1c d\u1ef1 \u00e1n.<\/p>\n<\/div>\n<\/div>","protected":false},"excerpt":{"rendered":"<p>V\u1edbi l\u1ee3i th\u1ebf l\u00e0 \u0111\u1ed9i ng\u0169 nh\u00e2n l\u1ef1c h\u00f9ng h\u1eadu v\u00e0 ch\u1ea5t l\u01b0\u1ee3ng chuy\u00ean m\u00f4n cao trong l\u0129nh v\u1ef1c k\u1ef9 thu\u1eadt trong ng\u00e0nh K\u1ef9 thu\u1eadt \u0110i\u1ec7n t\u1eed Y sinh v\u00e0 C\u00f4ng ngh\u1ec7 th\u00f4ng tin &#8211; Truy\u1ec1n th\u00f4ng ch\u00fang t\u00f4i ch\u00fa tr\u1ecdng ho\u1ea1t \u0111\u1ed9ng trong 3 l\u0129nh v\u1ef1c ch\u00ednh sau: S\u1ea3n [&hellip;]<\/p>\n","protected":false},"author":1,"featured_media":0,"parent":0,"menu_order":0,"comment_status":"closed","ping_status":"closed","template":"","meta":{"footnotes":""},"class_list":["post-215","page","type-page","status-publish","hentry"],"_links":{"self":[{"href":"https:\/\/www.congngheviet.edu.vn\/en\/wp-json\/wp\/v2\/pages\/215","targetHints":{"allow":["GET"]}}],"collection":[{"href":"https:\/\/www.congngheviet.edu.vn\/en\/wp-json\/wp\/v2\/pages"}],"about":[{"href":"https:\/\/www.congngheviet.edu.vn\/en\/wp-json\/wp\/v2\/types\/page"}],"author":[{"embeddable":true,"href":"https:\/\/www.congngheviet.edu.vn\/en\/wp-json\/wp\/v2\/users\/1"}],"replies":[{"embeddable":true,"href":"https:\/\/www.congngheviet.edu.vn\/en\/wp-json\/wp\/v2\/comments?post=215"}],"version-history":[{"count":6,"href":"https:\/\/www.congngheviet.edu.vn\/en\/wp-json\/wp\/v2\/pages\/215\/revisions"}],"predecessor-version":[{"id":280,"href":"https:\/\/www.congngheviet.edu.vn\/en\/wp-json\/wp\/v2\/pages\/215\/revisions\/280"}],"wp:attachment":[{"href":"https:\/\/www.congngheviet.edu.vn\/en\/wp-json\/wp\/v2\/media?parent=215"}],"curies":[{"name":"wp","href":"https:\/\/api.w.org\/{rel}","templated":true}]}}