{"id":28,"date":"2023-01-31T16:05:19","date_gmt":"2023-01-31T09:05:19","guid":{"rendered":"http:\/\/www.congngheviet.edu.vn\/?page_id=28"},"modified":"2025-05-20T16:44:15","modified_gmt":"2025-05-20T09:44:15","slug":"home","status":"publish","type":"page","link":"https:\/\/www.congngheviet.edu.vn\/en\/","title":{"rendered":"Home"},"content":{"rendered":"<p class=\"has-text-align-center has-accent-color has-text-color has-large-font-size\"><strong><a href=\"https:\/\/www.congngheviet.edu.vn\/en\/linh-vuc-hoat-dong\/\" data-type=\"URL\" data-id=\"https:\/\/www.congngheviet.edu.vn\/linh-vuc-hoat-dong\/\">C\u00c1C L\u0128NH V\u1ef0C HO\u1ea0T \u0110\u1ed8NG C\u1ee6A CH\u00daNG T\u00d4I<\/a><\/strong><\/p>\n\n\n\n<p class=\"has-text-align-center\">V\u1edbi l\u1ee3i th\u1ebf l\u00e0 \u0111\u1ed9i ng\u0169 nh\u00e2n l\u1ef1c h\u00f9ng h\u1eadu v\u00e0 ch\u1ea5t l\u01b0\u1ee3ng chuy\u00ean m\u00f4n cao trong l\u0129nh v\u1ef1c k\u1ef9 thu\u1eadt K\u1ef9 thu\u1eadt \u0110i\u1ec7n t\u1eed Y sinh v\u00e0 ng\u00e0nh C\u00f4ng ngh\u1ec7 th\u00f4ng tin &#8211; Truy\u1ec1n th\u00f4ng ch\u00fang t\u00f4i ch\u00fa tr\u1ecdng ho\u1ea1t \u0111\u1ed9ng trong 3 l\u0129nh v\u1ef1c ch\u00ednh sau:<\/p>\n\n\n\n<div class=\"wp-block-columns has-accent-color has-text-color is-layout-flex wp-container-core-columns-is-layout-9d6595d7 wp-block-columns-is-layout-flex\">\n<div class=\"wp-block-column is-layout-flow wp-block-column-is-layout-flow\">\n<div class=\"wp-block-cover\" style=\"min-height:247px;aspect-ratio:unset;\"><span aria-hidden=\"true\" class=\"wp-block-cover__background has-background-dim\"><\/span><img fetchpriority=\"high\" decoding=\"async\" width=\"371\" height=\"271\" class=\"wp-block-cover__image-background wp-image-179\" alt=\"\" src=\"https:\/\/www.congngheviet.edu.vn\/wp-content\/uploads\/2023\/03\/tu-van-1.webp\" data-object-fit=\"cover\" srcset=\"https:\/\/www.congngheviet.edu.vn\/wp-content\/uploads\/2023\/03\/tu-van-1.webp 371w, https:\/\/www.congngheviet.edu.vn\/wp-content\/uploads\/2023\/03\/tu-van-1-300x219.webp 300w\" sizes=\"(max-width: 371px) 100vw, 371px\" \/><div class=\"wp-block-cover__inner-container is-layout-flow wp-block-cover-is-layout-flow\">\n<p class=\"has-text-align-center has-accent-color has-text-color has-large-font-size\">CUNG C\u1ea4P THI\u1ebeT B\u1eca<\/p>\n<\/div><\/div>\n<\/div>\n\n\n\n<div class=\"wp-block-column is-layout-flow wp-block-column-is-layout-flow\">\n<div class=\"wp-block-cover alignleft is-light\" style=\"min-height:243px;aspect-ratio:unset;\"><span aria-hidden=\"true\" class=\"wp-block-cover__background has-background-dim\"><\/span><img decoding=\"async\" width=\"666\" height=\"352\" class=\"wp-block-cover__image-background wp-image-174\" alt=\"\" src=\"https:\/\/www.congngheviet.edu.vn\/wp-content\/uploads\/2023\/03\/bao-tri-bao-duong-ups.jpg\" data-object-fit=\"cover\" srcset=\"https:\/\/www.congngheviet.edu.vn\/wp-content\/uploads\/2023\/03\/bao-tri-bao-duong-ups.jpg 666w, https:\/\/www.congngheviet.edu.vn\/wp-content\/uploads\/2023\/03\/bao-tri-bao-duong-ups-300x159.jpg 300w\" sizes=\"(max-width: 666px) 100vw, 666px\" \/><div class=\"wp-block-cover__inner-container is-layout-flow wp-block-cover-is-layout-flow\">\n<p class=\"has-text-align-center has-accent-color has-text-color has-large-font-size\">B\u1ea2O  TR\u00cc B\u1ea2O D\u01af\u1ee0NG<\/p>\n<\/div><\/div>\n<\/div>\n\n\n\n<div class=\"wp-block-column is-layout-flow wp-block-column-is-layout-flow\">\n<div class=\"wp-block-cover is-light\" style=\"min-height:239px;aspect-ratio:unset;\"><span aria-hidden=\"true\" class=\"wp-block-cover__background has-background-dim\"><\/span><img decoding=\"async\" width=\"700\" height=\"394\" class=\"wp-block-cover__image-background wp-image-187\" alt=\"\" src=\"http:\/\/www.congngheviet.edu.vn\/wp-content\/uploads\/2023\/03\/he-dao-tao-va-loai-hinh-dao-tao.jpg\" data-object-fit=\"cover\" srcset=\"https:\/\/www.congngheviet.edu.vn\/wp-content\/uploads\/2023\/03\/he-dao-tao-va-loai-hinh-dao-tao.jpg 700w, https:\/\/www.congngheviet.edu.vn\/wp-content\/uploads\/2023\/03\/he-dao-tao-va-loai-hinh-dao-tao-300x169.jpg 300w\" sizes=\"(max-width: 700px) 100vw, 700px\" \/><div class=\"wp-block-cover__inner-container is-layout-flow wp-block-cover-is-layout-flow\">\n<p class=\"has-text-align-center has-accent-color has-text-color has-large-font-size\">\u0110\u00c0O T\u1ea0O NGH\u1ec0<\/p>\n<\/div><\/div>\n<\/div>\n<\/div>\n\n\n\n<div class=\"wp-block-columns is-layout-flex wp-container-core-columns-is-layout-9d6595d7 wp-block-columns-is-layout-flex\">\n<div class=\"wp-block-column is-layout-flow wp-block-column-is-layout-flow\">\n<p class=\"has-text-align-center\">S\u1ea3n xu\u1ea5t c\u00e1c thi\u1ebft b\u1ecb ch\u1ea5t l\u01b0\u1ee3ng cao, gi\u00e1 th\u00e0nh h\u1ee3p l\u00fd v\u1edbi tr\u00ed tu\u1ec7 Vi\u1ec7t \u0111\u1ed3ng th\u1eddi ph\u00e2n ph\u1ed1i nhi\u1ec1u s\u1ea3n ph\u1ea9m c\u00f4ng ngh\u1ec7 \u1ee9ng d\u1ee5ng ch\u00ednh h\u00e3ng ph\u1ee5c v\u1ee5 nhi\u1ec1u nh\u01b0 c\u1ea7u c\u1ee7a doanh nghi\u1ec7p \u0111\u1eb7c bi\u1ec7t trong l\u0129nh v\u1ef1c y t\u1ebf.<\/p>\n<\/div>\n\n\n\n<div class=\"wp-block-column is-layout-flow wp-block-column-is-layout-flow\">\n<p class=\"has-text-align-center\">V\u1edbi kinh nghi\u1ec7m tri\u1ec3n khai v\u00e0 v\u1eadn h\u00e0nh c\u00e1c thi\u1ebft b\u1ecb v\u00e0 h\u1ec7 th\u1ed1ng trong th\u1ef1c t\u1ebf v\u00e0 ngu\u1ed3n nh\u00e2n l\u1ef1c c\u00f3 ki\u1ebfn th\u1ee9c v\u00e0 k\u1ef9 n\u0103ng cao ch\u00fang t\u00f4i cung c\u1ea5p c\u00e1c d\u1ecbch v\u1ee5 b\u1ea3o tr\u00ec s\u1eeda ch\u1eefa v\u00e0 v\u1eadn h\u00e0nh h\u1ec7 th\u1ed1ng cho c\u00e1c doanh nghi\u1ec7p<\/p>\n<\/div>\n\n\n\n<div class=\"wp-block-column is-layout-flow wp-block-column-is-layout-flow\">\n<p class=\"has-text-align-center\">Trung t\u00e2m \u0111\u00e0o t\u1ea1o c\u00f9ng v\u1edbi c\u00e1c gi\u1ea3ng vi\u00ean t\u1eadn t\u00e2m v\u00e0 s\u1ebd cung c\u1ea5p cho c\u00e1c h\u1ecdc vi\u00ean c\u00e1c ki\u1ebfn th\u1ee9c v\u00e0 k\u1ef9 n\u0103ng th\u1ef1c t\u1ebf trong l\u0129nh v\u1ef1c \u0111i\u1ec7n, \u0111i\u1ec7n t\u1eed, h\u1ec7 th\u1ed1ng m\u1ea1ng, CNTT, h\u1ecdc vi\u00ean s\u1ebd \u0111\u01b0\u1ee3c ti\u1ebfp x\u00fac v\u00e0 th\u1ef1c h\u00e0nh tr\u1ef1c ti\u00eap v\u1edbi c\u00e1c trang thi\u1ebft b\u1ecb, h\u1ec7 th\u1ed1ng c\u1ee7a doanh nghi\u1ec7p v\u00e0 tri\u1ec3n khai tr\u1ef1c ti\u1ebfp c\u00e1c d\u1ef1 \u00e1n<\/p>\n<\/div>\n<\/div>\n\n\n\n<p class=\"has-text-align-center has-accent-color has-text-color has-large-font-size\"><strong><a href=\"https:\/\/www.congngheviet.edu.vn\/en\/thiet-bi-day-nghe\/\" data-type=\"URL\" data-id=\"https:\/\/www.congngheviet.edu.vn\/thiet-bi-day-nghe\/\">THI\u1ebeT B\u1eca D\u1ea0Y NGH\u1ec0<\/a><\/strong><\/p>\n\n\n\n<p class=\"has-text-align-center\">THI\u1ebeT B\u1eca D\u1ea0Y NGH\u1ec0, THI\u1ebeT B\u1eca IoT, Thi\u1ebft b\u1ecb th\u1ef1c h\u00e0nh \u0111i\u1ec7n &#8211; t\u1ef1 \u0111\u1ed9ng h\u00f3aTag: Robot 4.0 IoT, Robot b\u1eaft v\u00edt, Robot c\u00f4ng nghi\u1ec7p, Robot c\u00f4ng nghi\u1ec7p 4.0, Robot h\u00e0n, Robot s\u01a1n, Robot t\u1ef1 h\u00e0nh.<\/p>\n\n\n\n<div class=\"wp-block-columns is-layout-flex wp-container-core-columns-is-layout-9d6595d7 wp-block-columns-is-layout-flex\">\n<div class=\"wp-block-column is-layout-flow wp-block-column-is-layout-flow\">\n<div class=\"wp-block-cover is-light\"><span aria-hidden=\"true\" class=\"wp-block-cover__background has-background-dim\"><\/span><img loading=\"lazy\" decoding=\"async\" width=\"938\" height=\"329\" class=\"wp-block-cover__image-background wp-image-257\" alt=\"\" src=\"https:\/\/www.congngheviet.edu.vn\/wp-content\/uploads\/2023\/03\/Capture-2.png\" data-object-fit=\"cover\" srcset=\"https:\/\/www.congngheviet.edu.vn\/wp-content\/uploads\/2023\/03\/Capture-2.png 938w, https:\/\/www.congngheviet.edu.vn\/wp-content\/uploads\/2023\/03\/Capture-2-300x105.png 300w, https:\/\/www.congngheviet.edu.vn\/wp-content\/uploads\/2023\/03\/Capture-2-768x269.png 768w\" sizes=\"(max-width: 938px) 100vw, 938px\" \/><div class=\"wp-block-cover__inner-container is-layout-flow wp-block-cover-is-layout-flow\">\n<p class=\"has-text-align-center has-accent-color has-text-color has-large-font-size\"><strong><a href=\"https:\/\/www.congngheviet.edu.vn\/en\/thiet-bi-day-nghe\/\" data-type=\"URL\" data-id=\"https:\/\/www.congngheviet.edu.vn\/thiet-bi-day-nghe\/\">H\u1ec7 th\u1ed1ng th\u1ef1c h\u00e0nh Robot c\u00f4ng nghi\u1ec7p 4.0 <\/a><\/strong><\/p>\n\n\n\n<p class=\"has-text-align-center has-accent-color has-text-color has-large-font-size\"><strong><a href=\"https:\/\/www.congngheviet.edu.vn\/en\/thiet-bi-day-nghe\/\" data-type=\"URL\" data-id=\"https:\/\/www.congngheviet.edu.vn\/thiet-bi-day-nghe\/\">ROBOT -CNV<\/a><\/strong><\/p>\n<\/div><\/div>\n<\/div>\n<\/div>","protected":false},"excerpt":{"rendered":"<p>C\u00c1C L\u0128NH V\u1ef0C HO\u1ea0T \u0110\u1ed8NG C\u1ee6A CH\u00daNG T\u00d4I V\u1edbi l\u1ee3i th\u1ebf l\u00e0 \u0111\u1ed9i ng\u0169 nh\u00e2n l\u1ef1c h\u00f9ng h\u1eadu v\u00e0 ch\u1ea5t l\u01b0\u1ee3ng chuy\u00ean m\u00f4n cao trong l\u0129nh v\u1ef1c k\u1ef9 thu\u1eadt K\u1ef9 thu\u1eadt \u0110i\u1ec7n t\u1eed Y sinh v\u00e0 ng\u00e0nh C\u00f4ng ngh\u1ec7 th\u00f4ng tin &#8211; Truy\u1ec1n th\u00f4ng ch\u00fang t\u00f4i ch\u00fa tr\u1ecdng ho\u1ea1t \u0111\u1ed9ng [&hellip;]<\/p>\n","protected":false},"author":1,"featured_media":0,"parent":0,"menu_order":0,"comment_status":"closed","ping_status":"closed","template":"","meta":{"footnotes":""},"class_list":["post-28","page","type-page","status-publish","hentry"],"_links":{"self":[{"href":"https:\/\/www.congngheviet.edu.vn\/en\/wp-json\/wp\/v2\/pages\/28","targetHints":{"allow":["GET"]}}],"collection":[{"href":"https:\/\/www.congngheviet.edu.vn\/en\/wp-json\/wp\/v2\/pages"}],"about":[{"href":"https:\/\/www.congngheviet.edu.vn\/en\/wp-json\/wp\/v2\/types\/page"}],"author":[{"embeddable":true,"href":"https:\/\/www.congngheviet.edu.vn\/en\/wp-json\/wp\/v2\/users\/1"}],"replies":[{"embeddable":true,"href":"https:\/\/www.congngheviet.edu.vn\/en\/wp-json\/wp\/v2\/comments?post=28"}],"version-history":[{"count":22,"href":"https:\/\/www.congngheviet.edu.vn\/en\/wp-json\/wp\/v2\/pages\/28\/revisions"}],"predecessor-version":[{"id":342,"href":"https:\/\/www.congngheviet.edu.vn\/en\/wp-json\/wp\/v2\/pages\/28\/revisions\/342"}],"wp:attachment":[{"href":"https:\/\/www.congngheviet.edu.vn\/en\/wp-json\/wp\/v2\/media?parent=28"}],"curies":[{"name":"wp","href":"https:\/\/api.w.org\/{rel}","templated":true}]}}