{"id":29,"date":"2023-01-31T16:05:19","date_gmt":"2023-01-31T09:05:19","guid":{"rendered":"http:\/\/www.congngheviet.edu.vn\/?page_id=29"},"modified":"2025-07-24T14:17:11","modified_gmt":"2025-07-24T07:17:11","slug":"contact","status":"publish","type":"page","link":"https:\/\/www.congngheviet.edu.vn\/en\/contact\/","title":{"rendered":"Contact"},"content":{"rendered":"<div class=\"wp-block-columns alignfull is-layout-flex wp-container-core-columns-is-layout-9d6595d7 wp-block-columns-is-layout-flex\">\n<div class=\"wp-block-column is-layout-flow wp-block-column-is-layout-flow\">\n<div style=\"width: 100%\"><iframe src=\"https:\/\/www.google.com\/maps\/embed?pb=!1m18!1m12!1m3!1d3723.8927959177768!2d105.79407001473159!3d21.03697508599389!2m3!1f0!2f0!3f0!3m2!1i1024!2i768!4f13.1!3m3!1m2!1s0x3135ab386f415f9d%3A0x775f0b6f53402058!2zNzcgTmcuIDg2IFAuIENow7lhIEjDoCwgROG7i2NoIFbhu41uZywgQ-G6p3UgR2nhuqV5LCBIw6AgTuG7mWksIFZp4buHdCBOYW0!5e0!3m2!1svi!2s!4v1675222854993!5m2!1svi!2s\" width=\"1920\" height=\"300\" style=\"border:0;\" allowfullscreen=\"\" loading=\"lazy\" referrerpolicy=\"no-referrer-when-downgrade\"><\/iframe><\/div>\n\n\n\n<p><\/p>\n<\/div>\n<\/div>\n\n\n\n<div class=\"wp-block-columns container is-layout-flex wp-container-core-columns-is-layout-9d6595d7 wp-block-columns-is-layout-flex\">\n<div class=\"wp-block-column is-vertically-aligned-center is-layout-flow wp-block-column-is-layout-flow\">\n<h2 class=\"wp-block-heading hestia-title\">H\u00e3y li\u00ean h\u1ec7 v\u1edbi ch\u00fang t\u00f4i<\/h2>\n\n\n\n<div style=\"height:40px\" aria-hidden=\"true\" class=\"wp-block-spacer\"><\/div>\n\n\n\n<div class=\"contact-wrapper\">\n\t\t\t\t\t\t\t\t\t\t\t\t\t\t\t\t\t\t\t<div class=\"content\">\n\t\t\t\n\t\t\t  <form action=\"\">\n\t\t\t   <div class=\"form-group\">\n\t\t\t    <input type=\"text\" id=\"fname\" name=\"firstname\" placeholder=\"Your name..\">\n\t\t\t<\/div>\n\t\t\t<div class=\"form-group\">\n\t\t\t    <input type=\"text\" id=\"lname\" name=\"lastname\" placeholder=\"Your last name..\">\n\t\t\t<\/div>\n\t\t\t<div class=\"form-group\">\n\t\t\t    <textarea id=\"subject\" name=\"subject\" placeholder=\"Write something..\" style=\"height:200px\"><\/textarea>\n\t\t\t<\/div>\n\t\t\t    <input type=\"submit\" value=\"Submit\">\n\t\t\t\n\t\t\t  <input type=\"hidden\" name=\"trp-form-language\" value=\"en\"\/><\/form>\n\t\t\t<\/div>\n\t\t\t<\/div>\n<\/div>\n\n\n\n<div class=\"wp-block-column is-vertically-aligned-center is-layout-flow wp-block-column-is-layout-flow\">\n<div class=\"wp-block-columns is-layout-flex wp-container-core-columns-is-layout-9d6595d7 wp-block-columns-is-layout-flex\">\n<div class=\"wp-block-column is-layout-flow wp-block-column-is-layout-flow\"><\/div>\n\n\n\n<div class=\"wp-block-column is-layout-flow wp-block-column-is-layout-flow\" style=\"flex-basis:50%\">\n<h4 class=\"wp-block-heading has-text-align-left hestia-title has-text-color\" style=\"color:#3c4858;font-size:18px\"><img decoding=\"async\" class=\"wp-image-86\" style=\"width: 25px;\" src=\"http:\/\/www.congngheviet.edu.vn\/wp-content\/themes\/hestia\/assets\/img\/contact1.png\" alt=\"Map icon\">  \u0110\u1ecba ch\u1ec9<\/h4>\n\n\n\n<p>Tr\u1ee5 s\u1edf ch\u00ednh: S\u1ed1 77, Ng\u00f5 86, t\u1ed5 57B, Ph\u01b0\u1eddng C\u1ea7u Gi\u1ea5y, H\u00e0 N\u1ed9i<\/p>\n\n\n\n<p>Chi nh\u00e1nh: Th\u00f4n Th\u01b0\u1ee3ng \u0110\u1ea1t, Ph\u01b0\u1eddng Tr\u00e0 L\u00fd, H\u01b0ng Y\u00ean<\/p>\n\n\n\n<p><\/p>\n\n\n\n<div style=\"height:40px\" aria-hidden=\"true\" class=\"wp-block-spacer\"><\/div>\n\n\n\n<h4 class=\"wp-block-heading has-text-align-left hestia-title has-text-color\" style=\"color:#3c4858;font-size:18px\"><img decoding=\"async\" class=\"wp-image-98\" style=\"width: 25px;\" src=\"http:\/\/www.congngheviet.edu.vn\/wp-content\/themes\/hestia\/assets\/img\/contact2.png\" alt=\"\">  Li\u00ean h\u1ec7<\/h4>\n\n\n\n<p class=\"has-text-align-left has-text-color\" style=\"color:#999999;font-size:14px\">+84986269935<br>Mon &#8211; Fri, 8:00-22:00<\/p>\n\n\n\n<div style=\"height:40px\" aria-hidden=\"true\" class=\"wp-block-spacer\"><\/div>\n\n\n\n<h4 class=\"wp-block-heading has-text-align-left hestia-title has-text-color\" style=\"color:#3c4858;font-size:18px\"><img decoding=\"async\" class=\"wp-image-105\" style=\"width: 25px;\" src=\"http:\/\/www.congngheviet.edu.vn\/wp-content\/themes\/hestia\/assets\/img\/contact3.png\" alt=\"\"><strong> <\/strong>Email<\/h4>\n\n\n\n<p class=\"has-text-align-left has-text-color\" style=\"color:#999999;font-size:14px\">contact@congngheviet.edu.vn<br><\/p>\n<\/div>\n\n\n\n<div class=\"wp-block-column is-layout-flow wp-block-column-is-layout-flow\"><\/div>\n<\/div>\n<\/div>\n<\/div>\n\n\n\n<p><\/p>","protected":false},"excerpt":{"rendered":"<p>H\u00e3y li\u00ean h\u1ec7 v\u1edbi ch\u00fang t\u00f4i \u0110\u1ecba ch\u1ec9 Tr\u1ee5 s\u1edf ch\u00ednh: S\u1ed1 77, Ng\u00f5 86, t\u1ed5 57B, Ph\u01b0\u1eddng C\u1ea7u Gi\u1ea5y, H\u00e0 N\u1ed9i Chi nh\u00e1nh: Th\u00f4n Th\u01b0\u1ee3ng \u0110\u1ea1t, Ph\u01b0\u1eddng Tr\u00e0 L\u00fd, H\u01b0ng Y\u00ean Li\u00ean h\u1ec7 +84986269935Mon &#8211; Fri, 8:00-22:00 Email contact@congngheviet.edu.vn<\/p>","protected":false},"author":1,"featured_media":21,"parent":0,"menu_order":0,"comment_status":"closed","ping_status":"closed","template":"page-templates\/template-pagebuilder-full-width.php","meta":{"footnotes":""},"class_list":["post-29","page","type-page","status-publish","has-post-thumbnail","hentry"],"_links":{"self":[{"href":"https:\/\/www.congngheviet.edu.vn\/en\/wp-json\/wp\/v2\/pages\/29","targetHints":{"allow":["GET"]}}],"collection":[{"href":"https:\/\/www.congngheviet.edu.vn\/en\/wp-json\/wp\/v2\/pages"}],"about":[{"href":"https:\/\/www.congngheviet.edu.vn\/en\/wp-json\/wp\/v2\/types\/page"}],"author":[{"embeddable":true,"href":"https:\/\/www.congngheviet.edu.vn\/en\/wp-json\/wp\/v2\/users\/1"}],"replies":[{"embeddable":true,"href":"https:\/\/www.congngheviet.edu.vn\/en\/wp-json\/wp\/v2\/comments?post=29"}],"version-history":[{"count":9,"href":"https:\/\/www.congngheviet.edu.vn\/en\/wp-json\/wp\/v2\/pages\/29\/revisions"}],"predecessor-version":[{"id":366,"href":"https:\/\/www.congngheviet.edu.vn\/en\/wp-json\/wp\/v2\/pages\/29\/revisions\/366"}],"wp:featuredmedia":[{"embeddable":true,"href":"https:\/\/www.congngheviet.edu.vn\/en\/wp-json\/wp\/v2\/media\/21"}],"wp:attachment":[{"href":"https:\/\/www.congngheviet.edu.vn\/en\/wp-json\/wp\/v2\/media?parent=29"}],"curies":[{"name":"wp","href":"https:\/\/api.w.org\/{rel}","templated":true}]}}