{"id":350,"date":"2025-05-20T16:26:56","date_gmt":"2025-05-20T09:26:56","guid":{"rendered":"https:\/\/www.congngheviet.edu.vn\/?page_id=350"},"modified":"2025-05-20T16:31:25","modified_gmt":"2025-05-20T09:31:25","slug":"dat-lich-kham-online","status":"publish","type":"page","link":"https:\/\/www.congngheviet.edu.vn\/en\/dat-lich-kham-online\/","title":{"rendered":"\u0110\u1eb7t l\u1ecbch kh\u00e1m online"},"content":{"rendered":"<div data-elementor-type=\"wp-page\" data-elementor-id=\"350\" class=\"elementor elementor-350\">\n\t\t\t\t<div class=\"elementor-element elementor-element-4867846a e-flex e-con-boxed e-con e-parent\" data-id=\"4867846a\" data-element_type=\"container\">\n\t\t\t\t\t<div class=\"e-con-inner\">\n\t\t\t\t<div class=\"elementor-element elementor-element-7c9823f7 elementor-widget elementor-widget-text-editor\" data-id=\"7c9823f7\" data-element_type=\"widget\" data-widget_type=\"text-editor.default\">\n\t\t\t\t<div class=\"elementor-widget-container\">\n\t\t\t\t\t\t\t<!-- wp:list -->\n<ul class=\"wp-block-list\"><\/ul>\n<!-- \/wp:list --><!-- wp:paragraph -->\n<p>H\u00e3y nh\u1eadp c\u00e1c th\u00f4ng tin v\u00e0o trong ph\u1ea7n n\u00e0y<\/p>\n<!-- \/wp:paragraph --><!-- wp:paragraph -->\n<p><\/p>\n<!-- \/wp:paragraph -->\t\t\t\t\t\t<\/div>\n\t\t\t\t<\/div>\n\t\t\t\t\t<\/div>\n\t\t\t\t<\/div>\n\t\t<div class=\"elementor-element elementor-element-caadba5 e-flex e-con-boxed e-con e-parent\" data-id=\"caadba5\" data-element_type=\"container\">\n\t\t\t\t\t<div class=\"e-con-inner\">\n\t\t\t\t<div class=\"elementor-element elementor-element-6fa40d2 elementor-widget elementor-widget-html\" data-id=\"6fa40d2\" data-element_type=\"widget\" data-widget_type=\"html.default\">\n\t\t\t\t<div class=\"elementor-widget-container\">\n\t\t\t<div style=\"position: relative; padding-bottom: 150%; height: 0; overflow: hidden; max-width: 100%;\">\r\n  <iframe src=\"https:\/\/docs.google.com\/forms\/d\/e\/1FAIpQLSfV7sWaxl1eyJpZ6o9HE-LHZernlAgNnzaCo61-XG2zfT_7DA\/viewform?embedded=true\"\r\n          style=\"position: absolute; top: 0; left: 0; width: 100%; height: 100%; border: none;\"\r\n          frameborder=\"0\"\r\n          marginheight=\"0\"\r\n          marginwidth=\"0\"\r\n          allowfullscreen>\r\n    \u0110ang t\u1ea3i\u2026\r\n  <\/iframe>\r\n<\/div>\r\n\r\n\t\t<\/div>\n\t\t\t\t<\/div>\n\t\t\t\t\t<\/div>\n\t\t\t\t<\/div>\n\t\t\t\t<\/div>","protected":false},"excerpt":{"rendered":"<p>H\u00e3y nh\u1eadp c\u00e1c th\u00f4ng tin v\u00e0o trong ph\u1ea7n n\u00e0y \u0110ang t\u1ea3i\u2026<\/p>","protected":false},"author":1,"featured_media":0,"parent":0,"menu_order":0,"comment_status":"closed","ping_status":"closed","template":"","meta":{"footnotes":""},"class_list":["post-350","page","type-page","status-publish","hentry"],"_links":{"self":[{"href":"https:\/\/www.congngheviet.edu.vn\/en\/wp-json\/wp\/v2\/pages\/350","targetHints":{"allow":["GET"]}}],"collection":[{"href":"https:\/\/www.congngheviet.edu.vn\/en\/wp-json\/wp\/v2\/pages"}],"about":[{"href":"https:\/\/www.congngheviet.edu.vn\/en\/wp-json\/wp\/v2\/types\/page"}],"author":[{"embeddable":true,"href":"https:\/\/www.congngheviet.edu.vn\/en\/wp-json\/wp\/v2\/users\/1"}],"replies":[{"embeddable":true,"href":"https:\/\/www.congngheviet.edu.vn\/en\/wp-json\/wp\/v2\/comments?post=350"}],"version-history":[{"count":6,"href":"https:\/\/www.congngheviet.edu.vn\/en\/wp-json\/wp\/v2\/pages\/350\/revisions"}],"predecessor-version":[{"id":356,"href":"https:\/\/www.congngheviet.edu.vn\/en\/wp-json\/wp\/v2\/pages\/350\/revisions\/356"}],"wp:attachment":[{"href":"https:\/\/www.congngheviet.edu.vn\/en\/wp-json\/wp\/v2\/media?parent=350"}],"curies":[{"name":"wp","href":"https:\/\/api.w.org\/{rel}","templated":true}]}}